{"id":155,"date":"2017-11-09T13:49:26","date_gmt":"2017-11-09T12:49:26","guid":{"rendered":"http:\/\/voixdaunis.com\/?page_id=155"},"modified":"2025-07-15T20:31:44","modified_gmt":"2025-07-15T18:31:44","slug":"presse","status":"publish","type":"page","link":"https:\/\/voixdaunis.com\/index.php\/presse\/","title":{"rendered":"Presse"},"content":{"rendered":"\n<figure class=\"wp-block-image size-large\"><img loading=\"lazy\" decoding=\"async\" width=\"1024\" height=\"994\" src=\"https:\/\/voixdaunis.com\/wp-content\/uploads\/2025\/07\/articles-concert-meditatif-1024x994.jpg\" alt=\"\" class=\"wp-image-1141\" srcset=\"https:\/\/voixdaunis.com\/wp-content\/uploads\/2025\/07\/articles-concert-meditatif-1024x994.jpg 1024w, https:\/\/voixdaunis.com\/wp-content\/uploads\/2025\/07\/articles-concert-meditatif-300x291.jpg 300w, https:\/\/voixdaunis.com\/wp-content\/uploads\/2025\/07\/articles-concert-meditatif-768x745.jpg 768w, https:\/\/voixdaunis.com\/wp-content\/uploads\/2025\/07\/articles-concert-meditatif-309x300.jpg 309w, https:\/\/voixdaunis.com\/wp-content\/uploads\/2025\/07\/articles-concert-meditatif.jpg 1220w\" sizes=\"auto, (max-width: 1024px) 100vw, 1024px\" \/><figcaption class=\"wp-element-caption\">Screenshot<\/figcaption><\/figure>\n\n\n<p>Sud-Ouest,\u00a030 oct 2017, Cr\u00e9ation de &#8220;La Fl\u00fbte Enchant\u00e9e&#8221;\u00a0 pour les 3-6 ans,<\/p>\n<div id=\"attachment_152\" style=\"width: 367px\" class=\"wp-caption alignnone\"><img loading=\"lazy\" decoding=\"async\" aria-describedby=\"caption-attachment-152\" class=\"size-full wp-image-152\" src=\"http:\/\/voixdaunis.com\/wp-content\/uploads\/2017\/11\/30_octobre_flute_courcon_st_sauveur.jpg\" alt=\"Fl\u00fbte enchant\u00e9e, article Sud Ouest\" width=\"357\" height=\"757\" srcset=\"https:\/\/voixdaunis.com\/wp-content\/uploads\/2017\/11\/30_octobre_flute_courcon_st_sauveur.jpg 357w, https:\/\/voixdaunis.com\/wp-content\/uploads\/2017\/11\/30_octobre_flute_courcon_st_sauveur-141x300.jpg 141w\" sizes=\"auto, (max-width: 357px) 100vw, 357px\" \/><p id=\"caption-attachment-152\" class=\"wp-caption-text\">article du Sud Ouest<\/p><\/div>","protected":false},"excerpt":{"rendered":"<p>Sud-Ouest,\u00a030 oct 2017, Cr\u00e9ation de &#8220;La Fl\u00fbte Enchant\u00e9e&#8221;\u00a0 pour les 3-6 ans,<\/p>\n","protected":false},"author":1,"featured_media":0,"parent":0,"menu_order":0,"comment_status":"closed","ping_status":"closed","template":"","meta":{"footnotes":""},"class_list":["post-155","page","type-page","status-publish","hentry"],"_links":{"self":[{"href":"https:\/\/voixdaunis.com\/index.php\/wp-json\/wp\/v2\/pages\/155","targetHints":{"allow":["GET"]}}],"collection":[{"href":"https:\/\/voixdaunis.com\/index.php\/wp-json\/wp\/v2\/pages"}],"about":[{"href":"https:\/\/voixdaunis.com\/index.php\/wp-json\/wp\/v2\/types\/page"}],"author":[{"embeddable":true,"href":"https:\/\/voixdaunis.com\/index.php\/wp-json\/wp\/v2\/users\/1"}],"replies":[{"embeddable":true,"href":"https:\/\/voixdaunis.com\/index.php\/wp-json\/wp\/v2\/comments?post=155"}],"version-history":[{"count":2,"href":"https:\/\/voixdaunis.com\/index.php\/wp-json\/wp\/v2\/pages\/155\/revisions"}],"predecessor-version":[{"id":1142,"href":"https:\/\/voixdaunis.com\/index.php\/wp-json\/wp\/v2\/pages\/155\/revisions\/1142"}],"wp:attachment":[{"href":"https:\/\/voixdaunis.com\/index.php\/wp-json\/wp\/v2\/media?parent=155"}],"curies":[{"name":"wp","href":"https:\/\/api.w.org\/{rel}","templated":true}]}}