{"id":201,"date":"2018-02-23T20:28:53","date_gmt":"2018-02-23T19:28:53","guid":{"rendered":"http:\/\/voixdaunis.com\/?page_id=201"},"modified":"2024-10-07T16:48:31","modified_gmt":"2024-10-07T14:48:31","slug":"nous-contacter","status":"publish","type":"page","link":"https:\/\/voixdaunis.com\/","title":{"rendered":"accueil &#038; contact"},"content":{"rendered":"\n<p>Autour du chant sacr\u00e9, du chant lyrique, du chant m\u00e9di\u00e9val, de la technique et conscience vocale &#8220;corps et Voix&#8221;, du yoga du son, des chemins de cr\u00e9ation, de d\u00e9couverte, de diffusion et de transmission du chant,  de son int\u00e9riorit\u00e9, du souffle, de l&#8217;expression et de l&#8217;\u00e9motion&#8230;.<\/p>\n\n\n\n<p class=\"has-text-align-left\"><em>&#8220;Le chant sacr\u00e9 m\u00e9di\u00e9val et occidental,&nbsp; me tient de plus en plus \u00e0 coeur, \u00e0 travers le chant gr\u00e9gorien, le chant d&#8217;Hildegarde de Bingen&#8230; leur puissance m\u00e9ditative conduise dans un silence ou un retour \u00e0 soi et \u00e0 la paix. Je le vis dans les concerts A Cappella et depuis ces derni\u00e8res ann\u00e9es dans les concerts m\u00e9ditatifs, les cercles de chant, dans la transmission du chant sacr\u00e9, la m\u00e9ditation, la conscience vocale  et le yoga du son.&#8221; Fabienne Cellier-Triguel<\/em><\/p>\n\n\n\n<p class=\"has-text-align-left\">Dans nos cr\u00e9ations, nous avons toujours donn\u00e9 une place importante \u00e0 l&#8217;action culturelle, afin de sensibiliser les enfants au chant ou  donner la possibilit\u00e9 de participer \u00e0 un projet op\u00e9ra, et \u00e0 un spectacle avec une \u00e9quipe professionnelle, \u00e0 m\u00e9diter, \u00e0 d\u00e9couvrir le chant gr\u00e9gorien, les mots des Dames troubadours, ou  Hildegarde de Bingen, la notion de Paix, de la femme&#8230;<\/p>\n\n\n<div class=\"wp-block-image\">\n<figure class=\"aligncenter\"><img decoding=\"async\" src=\"https:\/\/voixdaunis.com\/wp-content\/uploads\/2022\/06\/bol-fontdouce-meunier.jpeg\" alt=\"L\u2019attribut alt de cette image est vide, son nom de fichier est bol-fontdouce-meunier.jpeg.\"\/><figcaption class=\"wp-element-caption\">&#8220;Chantez, chantez les stances \u00e9ternelles du gai savoir\u2026&#8221; Collette Moreau, les Dames Troubadours<\/figcaption><\/figure>\n<\/div>\n\n<\/p>\n\n\n<p><\/p>\n\n\n\n<p><\/p>\n\n\n<p style=\"text-align: left;\"><span style=\"color: #000000;\"><em>&#8220;Vous \u00eates programmateurs ou organisateurs :\u00a0vous souhaitez programmer un spectacle, un concert conte et chant,\u00a0 ou un concert en salle, en \u00e9glise, dans un lieu du patrimoine ou en spectacle de rue, autour du chant lyrique, du chant m\u00e9di\u00e9val, du chant m\u00e9ditatif,\u00a0 du chant gr\u00e9gorien ou d&#8217;Hildegarde de Bingen, reliant le conte africain ou chant m\u00e9di\u00e9val, Jeune public ou Tout public.<\/em><\/span><\/p>\n<p style=\"text-align: left;\"><span style=\"color: #000000;\"><em>Vous \u00eates une structure scolaire ou musicale, une structure active sur son territoire (communaut\u00e9 de communes, commune, association,&#8230;), une biblioth\u00e8que, un ch\u0153ur, un conservatoire et vous souhaitez organiser autour du chant un stage et des ateliers, ou un PROJET OPERA\u00a0\u00a0f\u00e9d\u00e9rateur et culturel,\u00a0\u00a0un PROJET M\u00c9DI\u00c9VAL sur le th\u00e8me de la femme, de l&#8217;\u00e9cologie, du conte ou du chant sacr\u00e9,\u00a0 un PROJET 14-18, m\u00e9moire de territoire, vers une conscience de Paix.\u00a0<\/em><\/span><\/p>\n<p style=\"text-align: left;\"><span style=\"color: #000000;\"><em>Vous \u00eates chanteurs, professionnels de la voix ou en recherche de votre chant,\u00a0 de votre souffle, ou de\u00a0 votre int\u00e9riorit\u00e9, vous souhaitez am\u00e9liorer votre technique\u00a0vocale, votre r\u00e9pertoire ou pratiquer le chant sacr\u00e9 occidental.&#8221;<\/em><\/span><\/p>\n<p style=\"text-align: center;\">Conna\u00eetre nos prochaines dates (concerts, spectacles, stages) : cliquez <a href=\"https:\/\/voixdaunis.com\/index.php\/agenda\/\">ici<\/a><\/p>\n<p style=\"text-align: center;\"><strong>Nous vous souhaitons une bonne visite sur le site de la compagnie Voix d&#8217;Aunis, Compagnie Lyrique et M\u00e9di\u00e9vale &amp; Centre P\u00e9dagogique de la Voix\u00a0<\/strong><\/p>\n<p style=\"text-align: center;\"><strong>Pour tous renseignements, n&#8217;h\u00e9sitez pas \u00e0 nous contacter<\/strong><\/p>\n<p style=\"text-align: center;\">\u00a006 99 90 44 57 ; voixdaunis17@gmail.com<\/p>\n<p style=\"text-align: center;\">[contact-form-7 id=&#8221;200&#8243; title=&#8221;contacter Voix d&#8217;Aunis&#8221;]<\/p>\n<p><img loading=\"lazy\" decoding=\"async\" class=\"aligncenter\" src=\"https:\/\/voixdaunis.com\/wp-content\/uploads\/2018\/02\/cercle_hildegarde.jpg\" alt=\"Hildegarde de Bingen\" width=\"267\" height=\"324\" \/><\/p>\n<p><a href=\"http:\/\/voixdaunis.com\/index.php\/mentions-legales\/\">mentions l\u00e9gales<\/a><\/p>","protected":false},"excerpt":{"rendered":"<p>Autour du chant sacr\u00e9, du chant lyrique, du chant m\u00e9di\u00e9val, de la technique et conscience vocale &#8220;corps et Voix&#8221;, du yoga du son, des chemins de cr\u00e9ation, de d\u00e9couverte, de diffusion et de transmission du chant, de son int\u00e9riorit\u00e9, du &hellip; <a href=\"https:\/\/voixdaunis.com\/\">Continuer la lecture <span class=\"meta-nav\">&rarr;<\/span><\/a><\/p>\n","protected":false},"author":1,"featured_media":0,"parent":0,"menu_order":0,"comment_status":"closed","ping_status":"closed","template":"","meta":{"footnotes":""},"class_list":["post-201","page","type-page","status-publish","hentry"],"_links":{"self":[{"href":"https:\/\/voixdaunis.com\/index.php\/wp-json\/wp\/v2\/pages\/201","targetHints":{"allow":["GET"]}}],"collection":[{"href":"https:\/\/voixdaunis.com\/index.php\/wp-json\/wp\/v2\/pages"}],"about":[{"href":"https:\/\/voixdaunis.com\/index.php\/wp-json\/wp\/v2\/types\/page"}],"author":[{"embeddable":true,"href":"https:\/\/voixdaunis.com\/index.php\/wp-json\/wp\/v2\/users\/1"}],"replies":[{"embeddable":true,"href":"https:\/\/voixdaunis.com\/index.php\/wp-json\/wp\/v2\/comments?post=201"}],"version-history":[{"count":35,"href":"https:\/\/voixdaunis.com\/index.php\/wp-json\/wp\/v2\/pages\/201\/revisions"}],"predecessor-version":[{"id":1045,"href":"https:\/\/voixdaunis.com\/index.php\/wp-json\/wp\/v2\/pages\/201\/revisions\/1045"}],"wp:attachment":[{"href":"https:\/\/voixdaunis.com\/index.php\/wp-json\/wp\/v2\/media?parent=201"}],"curies":[{"name":"wp","href":"https:\/\/api.w.org\/{rel}","templated":true}]}}