{"id":598,"date":"2022-06-02T18:45:15","date_gmt":"2022-06-02T16:45:15","guid":{"rendered":"https:\/\/voixdaunis.com\/?page_id=598"},"modified":"2023-07-24T13:39:51","modified_gmt":"2023-07-24T11:39:51","slug":"cours-de-chant-en-ligne-tutoriel","status":"publish","type":"page","link":"https:\/\/voixdaunis.com\/index.php\/cours-de-chant-en-ligne-tutoriel\/","title":{"rendered":"Cours de chant"},"content":{"rendered":"\n<p>Pendant le confinement de mars 2021, un premier tutoriel sur la technique vocale ;  en 2023 la cha\u00eene s&#8217;\u00e9largit avec des cours de chant et technique vocale, vocalises, des s\u00e9ries \u00e0 th\u00e8mes, chant lyrique et chant sacr\u00e9, des vid\u00e9os mais aussi des cours en pr\u00e9sentiel et en visio. <\/p>\n\n\n\n<p><a href=\"https:\/\/www.youtube.com\/watch?v=ujBbNX_XJew&amp;t=14s\">https:\/\/www.youtube.com\/watch?v=ujBbNX_XJew&amp;t=14s<\/a><\/p>\n\n\n\n<p>Cours de chant en pr\u00e9sentiel et en visio : <a rel=\"noreferrer noopener\" href=\"https:\/\/admin.helloasso.com\/voix-d-aunis\/boutiques\" data-type=\"URL\" data-id=\"https:\/\/admin.helloasso.com\/voix-d-aunis\/boutiques\" target=\"_blank\">cliquez ici<\/a><\/p>\n\n\n\n<p>Chaine youtube avec diff\u00e9rentes vid\u00e9os de cours de chant : <a rel=\"noreferrer noopener\" href=\"https:\/\/www.youtube.com\/user\/voixdaunis\/videos\" data-type=\"URL\" data-id=\"https:\/\/www.youtube.com\/user\/voixdaunis\/videos\" target=\"_blank\">cliquez ici<\/a><\/p>\n\n\n\n<p>Ateliers hebdomadaires de chant lyrique , cie &#8220;La Boh\u00e8me&#8221;, \u00e0 partir du dernier mardi de septembre de 20h \u00e0 21h30 (collectifs), 17h \u00e0 20h  (individuel) 40 rue basse de St Eloi \u00e0 la Rochelle.<\/p>\n","protected":false},"excerpt":{"rendered":"<p>Pendant le confinement de mars 2021, un premier tutoriel sur la technique vocale ; en 2023 la cha\u00eene s&#8217;\u00e9largit avec des cours de chant et technique vocale, vocalises, des s\u00e9ries \u00e0 th\u00e8mes, chant lyrique et chant sacr\u00e9, des vid\u00e9os mais &hellip; <a href=\"https:\/\/voixdaunis.com\/index.php\/cours-de-chant-en-ligne-tutoriel\/\">Continuer la lecture <span class=\"meta-nav\">&rarr;<\/span><\/a><\/p>\n","protected":false},"author":1,"featured_media":0,"parent":0,"menu_order":0,"comment_status":"closed","ping_status":"closed","template":"","meta":{"footnotes":""},"class_list":["post-598","page","type-page","status-publish","hentry"],"_links":{"self":[{"href":"https:\/\/voixdaunis.com\/index.php\/wp-json\/wp\/v2\/pages\/598","targetHints":{"allow":["GET"]}}],"collection":[{"href":"https:\/\/voixdaunis.com\/index.php\/wp-json\/wp\/v2\/pages"}],"about":[{"href":"https:\/\/voixdaunis.com\/index.php\/wp-json\/wp\/v2\/types\/page"}],"author":[{"embeddable":true,"href":"https:\/\/voixdaunis.com\/index.php\/wp-json\/wp\/v2\/users\/1"}],"replies":[{"embeddable":true,"href":"https:\/\/voixdaunis.com\/index.php\/wp-json\/wp\/v2\/comments?post=598"}],"version-history":[{"count":5,"href":"https:\/\/voixdaunis.com\/index.php\/wp-json\/wp\/v2\/pages\/598\/revisions"}],"predecessor-version":[{"id":766,"href":"https:\/\/voixdaunis.com\/index.php\/wp-json\/wp\/v2\/pages\/598\/revisions\/766"}],"wp:attachment":[{"href":"https:\/\/voixdaunis.com\/index.php\/wp-json\/wp\/v2\/media?parent=598"}],"curies":[{"name":"wp","href":"https:\/\/api.w.org\/{rel}","templated":true}]}}